{"id":78,"date":"2025-03-06T14:43:15","date_gmt":"2025-03-06T14:43:15","guid":{"rendered":"https:\/\/incisoriamoderna.it\/restyling\/?page_id=78"},"modified":"2025-06-25T22:20:53","modified_gmt":"2025-06-25T22:20:53","slug":"chi-siamo","status":"publish","type":"page","link":"https:\/\/incisoriamoderna.it\/en\/chi-siamo\/","title":{"rendered":"About us"},"content":{"rendered":"<div data-elementor-type=\"wp-page\" data-elementor-id=\"78\" class=\"elementor elementor-78\" data-elementor-post-type=\"page\">\n\t\t\t\t<div class=\"elementor-element elementor-element-8e38a57 e-grid e-con-full e-con e-parent\" data-id=\"8e38a57\" data-element_type=\"container\" data-e-type=\"container\" data-settings=\"{&quot;background_background&quot;:&quot;classic&quot;}\">\n\t\t<div class=\"elementor-element elementor-element-8152e79 e-con-full e-flex e-con e-child\" data-id=\"8152e79\" data-element_type=\"container\" data-e-type=\"container\" data-settings=\"{&quot;background_background&quot;:&quot;classic&quot;}\">\n\t\t\t\t<div class=\"elementor-element elementor-element-b0e3932 elementor-widget elementor-widget-heading\" data-id=\"b0e3932\" data-element_type=\"widget\" data-e-type=\"widget\" data-widget_type=\"heading.default\">\n\t\t\t\t<div class=\"elementor-widget-container\">\n\t\t\t\t\t<h1 class=\"elementor-heading-title elementor-size-default\">About us<\/h1>\t\t\t\t<\/div>\n\t\t\t\t<\/div>\n\t\t\t\t<div class=\"elementor-element elementor-element-cac14f3 elementor-widget elementor-widget-text-editor\" data-id=\"cac14f3\" data-element_type=\"widget\" data-e-type=\"widget\" data-widget_type=\"text-editor.default\">\n\t\t\t\t<div class=\"elementor-widget-container\">\n\t\t\t\t\t\t\t\t\t<p>More than 40 years of experience in the engraving sector, specializing significantly in the production of intercoms, doorbells, and mailbox panels.<\/p>\t\t\t\t\t\t\t\t<\/div>\n\t\t\t\t<\/div>\n\t\t\t\t<div class=\"elementor-element elementor-element-efdf176 animated-fast elementor-invisible elementor-widget elementor-widget-button\" data-id=\"efdf176\" data-element_type=\"widget\" data-e-type=\"widget\" data-settings=\"{&quot;_animation&quot;:&quot;fadeInDown&quot;}\" data-widget_type=\"button.default\">\n\t\t\t\t<div class=\"elementor-widget-container\">\n\t\t\t\t\t\t\t\t\t<div class=\"elementor-button-wrapper\">\n\t\t\t\t\t<a class=\"elementor-button elementor-button-link elementor-size-sm\" href=\"tel:390225410959\">\n\t\t\t\t\t\t<span class=\"elementor-button-content-wrapper\">\n\t\t\t\t\t\t\t\t\t<span class=\"elementor-button-text\">Call now<\/span>\n\t\t\t\t\t<\/span>\n\t\t\t\t\t<\/a>\n\t\t\t\t<\/div>\n\t\t\t\t\t\t\t\t<\/div>\n\t\t\t\t<\/div>\n\t\t\t\t<\/div>\n\t\t<div class=\"elementor-element elementor-element-ed963fe e-con-full e-flex e-con e-child\" data-id=\"ed963fe\" data-element_type=\"container\" data-e-type=\"container\">\n\t\t\t\t<div class=\"elementor-element elementor-element-be87c06 elementor-widget elementor-widget-image\" data-id=\"be87c06\" data-element_type=\"widget\" data-e-type=\"widget\" data-widget_type=\"image.default\">\n\t\t\t\t<div class=\"elementor-widget-container\">\n\t\t\t\t\t\t\t\t\t\t\t\t\t\t\t<img fetchpriority=\"high\" decoding=\"async\" width=\"1600\" height=\"1976\" src=\"https:\/\/incisoriamoderna.it\/wp-content\/uploads\/2025\/03\/pexels-ahmet-ciftci-1413580052-27152182_optimized.webp\" class=\"attachment-full size-full wp-image-46\" alt=\"\" srcset=\"https:\/\/incisoriamoderna.it\/wp-content\/uploads\/2025\/03\/pexels-ahmet-ciftci-1413580052-27152182_optimized.webp 1600w, https:\/\/incisoriamoderna.it\/wp-content\/uploads\/2025\/03\/pexels-ahmet-ciftci-1413580052-27152182_optimized-243x300.webp 243w, https:\/\/incisoriamoderna.it\/wp-content\/uploads\/2025\/03\/pexels-ahmet-ciftci-1413580052-27152182_optimized-829x1024.webp 829w, https:\/\/incisoriamoderna.it\/wp-content\/uploads\/2025\/03\/pexels-ahmet-ciftci-1413580052-27152182_optimized-768x948.webp 768w, https:\/\/incisoriamoderna.it\/wp-content\/uploads\/2025\/03\/pexels-ahmet-ciftci-1413580052-27152182_optimized-1244x1536.webp 1244w\" sizes=\"(max-width: 1600px) 100vw, 1600px\" \/>\t\t\t\t\t\t\t\t\t\t\t\t\t\t\t<\/div>\n\t\t\t\t<\/div>\n\t\t\t\t<\/div>\n\t\t\t\t<\/div>\n\t\t<div class=\"elementor-element elementor-element-314dc55 e-con-full e-flex e-con e-parent\" data-id=\"314dc55\" data-element_type=\"container\" data-e-type=\"container\">\n\t\t<div class=\"elementor-element elementor-element-ea3d4e9 e-con-full e-flex e-con e-child\" data-id=\"ea3d4e9\" data-element_type=\"container\" data-e-type=\"container\">\n\t\t\t\t<div class=\"elementor-element elementor-element-67962da elementor-widget elementor-widget-heading\" data-id=\"67962da\" data-element_type=\"widget\" data-e-type=\"widget\" data-widget_type=\"heading.default\">\n\t\t\t\t<div class=\"elementor-widget-container\">\n\t\t\t\t\t<h2 class=\"elementor-heading-title elementor-size-default\">Why choose us<\/h2>\t\t\t\t<\/div>\n\t\t\t\t<\/div>\n\t\t\t\t<div class=\"elementor-element elementor-element-a6b5dfa animated-fast elementor-invisible elementor-widget elementor-widget-image\" data-id=\"a6b5dfa\" data-element_type=\"widget\" data-e-type=\"widget\" data-settings=\"{&quot;_animation&quot;:&quot;fadeInDown&quot;}\" data-widget_type=\"image.default\">\n\t\t\t\t<div class=\"elementor-widget-container\">\n\t\t\t\t\t\t\t\t\t\t\t\t\t\t\t<img decoding=\"async\" width=\"500\" height=\"258\" src=\"https:\/\/incisoriamoderna.it\/wp-content\/uploads\/2025\/03\/Progetto-senza-titolo-5-Photoroom-e1741274830927.png\" class=\"attachment-large size-large wp-image-105\" alt=\"\" srcset=\"https:\/\/incisoriamoderna.it\/wp-content\/uploads\/2025\/03\/Progetto-senza-titolo-5-Photoroom-e1741274830927.png 500w, https:\/\/incisoriamoderna.it\/wp-content\/uploads\/2025\/03\/Progetto-senza-titolo-5-Photoroom-e1741274830927-300x155.png 300w\" sizes=\"(max-width: 500px) 100vw, 500px\" \/>\t\t\t\t\t\t\t\t\t\t\t\t\t\t\t<\/div>\n\t\t\t\t<\/div>\n\t\t\t\t<\/div>\n\t\t<div class=\"elementor-element elementor-element-420400d e-con-full e-flex e-con e-child\" data-id=\"420400d\" data-element_type=\"container\" data-e-type=\"container\">\n\t\t<div class=\"elementor-element elementor-element-7142223 e-grid e-con-full e-con e-child\" data-id=\"7142223\" data-element_type=\"container\" data-e-type=\"container\">\n\t\t\t\t<div class=\"elementor-element elementor-element-9f68a95 elementor-widget elementor-widget-text-editor\" data-id=\"9f68a95\" data-element_type=\"widget\" data-e-type=\"widget\" data-widget_type=\"text-editor.default\">\n\t\t\t\t<div class=\"elementor-widget-container\">\n\t\t\t\t\t\t\t\t\t<p>Our company has been operating in the engraving sector for more than 40 years and specializes in particular in the production of brass, steel, anticorodal, and plexiglass plates.<\/p>\t\t\t\t\t\t\t\t<\/div>\n\t\t\t\t<\/div>\n\t\t\t\t<div class=\"elementor-element elementor-element-908a604 elementor-widget elementor-widget-text-editor\" data-id=\"908a604\" data-element_type=\"widget\" data-e-type=\"widget\" data-widget_type=\"text-editor.default\">\n\t\t\t\t<div class=\"elementor-widget-container\">\n\t\t\t\t\t\t\t\t\t<p>Over the last 20 years, it has significantly expanded its product range with brass intercoms and doorbells which, alongside the production of brass and plexiglass models, brass boxes, domed and boxed brass ovals, and various materials for engraving, have been met with great satisfaction and success among our customers.<\/p>\t\t\t\t\t\t\t\t<\/div>\n\t\t\t\t<\/div>\n\t\t\t\t<\/div>\n\t\t\t\t<\/div>\n\t\t\t\t<\/div>\n\t\t\t\t<\/div>","protected":false},"excerpt":{"rendered":"<p>Pi\u00f9 di 40 anni di esperienza nel settore dell&#8217;incisoria, specializzati in modo significativo nella produzione di citofoni, campanelli e frontali posta Chiama ora Perch\u00e9 sceglierci La nostra. azienda opera nel settore dell&#8217; incisoria da pi\u00f9 di 40 anni ed in particolare modo \u00e8 specializzata nella produzione di targhe in ottone, acciaio, anticorodal e plex. Negli [&hellip;]<\/p>\n","protected":false},"author":1,"featured_media":0,"parent":0,"menu_order":0,"comment_status":"closed","ping_status":"closed","template":"elementor_header_footer","meta":{"footnotes":""},"class_list":["post-78","page","type-page","status-publish","hentry"],"_links":{"self":[{"href":"https:\/\/incisoriamoderna.it\/en\/wp-json\/wp\/v2\/pages\/78","targetHints":{"allow":["GET"]}}],"collection":[{"href":"https:\/\/incisoriamoderna.it\/en\/wp-json\/wp\/v2\/pages"}],"about":[{"href":"https:\/\/incisoriamoderna.it\/en\/wp-json\/wp\/v2\/types\/page"}],"author":[{"embeddable":true,"href":"https:\/\/incisoriamoderna.it\/en\/wp-json\/wp\/v2\/users\/1"}],"replies":[{"embeddable":true,"href":"https:\/\/incisoriamoderna.it\/en\/wp-json\/wp\/v2\/comments?post=78"}],"version-history":[{"count":23,"href":"https:\/\/incisoriamoderna.it\/en\/wp-json\/wp\/v2\/pages\/78\/revisions"}],"predecessor-version":[{"id":1997,"href":"https:\/\/incisoriamoderna.it\/en\/wp-json\/wp\/v2\/pages\/78\/revisions\/1997"}],"wp:attachment":[{"href":"https:\/\/incisoriamoderna.it\/en\/wp-json\/wp\/v2\/media?parent=78"}],"curies":[{"name":"wp","href":"https:\/\/api.w.org\/{rel}","templated":true}]}}